{"id":6,"date":"2012-11-03T16:36:18","date_gmt":"2012-11-03T16:36:18","guid":{"rendered":"http:\/\/menupaladar.wordpress.com\/?page_id=2"},"modified":"2019-06-04T00:01:23","modified_gmt":"2019-06-04T03:01:23","slug":"about","status":"publish","type":"page","link":"https:\/\/toquepaladar.com.br\/site\/about\/","title":{"rendered":"Sobre"},"content":{"rendered":"<p><img loading=\"lazy\" decoding=\"async\" class=\"wp-image-258 alignright\" src=\"http:\/\/toquepaladar.com.br\/site\/wp-content\/uploads\/2014\/04\/1531617_645765932146580_532613760_o.jpg\" alt=\"\" width=\"299\" height=\"208\" \/>Este blog surgiu com os in\u00fameros pedidos para compartilhar as receitas que tenho feito. Algumas receitas s\u00e3o f\u00e1ceis, outras v\u00e3o requerer um pouco mais de aten\u00e7\u00e3o, mas tudo depende da pr\u00e1tica. Com isso apresento o Toque Paladar, um blog que vai ajudar voc\u00ea a preparar pratos que v\u00e3o deixar todos com \u00e1gua na boca. Al\u00e9m disso, traremos dicas de eventos, restaurantes, dicas de cozinha e v\u00eddeos bacanas da internet.<\/p>\n<p>Expediente<br \/>\n&#8211; Renan Lima &#8211; Diretor e produtor de conte\u00fado<br \/>\n&#8211; Sonia Vieira &#8211; Produtora de conte\u00fado.<\/p>\n","protected":false},"excerpt":{"rendered":"<p>Este blog surgiu com os in\u00fameros pedidos para compartilhar as receitas que tenho feito. Algumas receitas s\u00e3o f\u00e1ceis, outras v\u00e3o requerer um pouco mais de aten\u00e7\u00e3o, mas tudo depende da pr\u00e1tica. Com isso apresento o Toque Paladar, um blog que vai ajudar voc\u00ea a preparar pratos que v\u00e3o deixar todos com \u00e1gua na boca. Al\u00e9m [&hellip;]<\/p>\n","protected":false},"author":1,"featured_media":0,"parent":0,"menu_order":0,"comment_status":"open","ping_status":"open","template":"","meta":{"footnotes":""},"class_list":["post-6","page","type-page","status-publish","hentry"],"_links":{"self":[{"href":"https:\/\/toquepaladar.com.br\/site\/wp-json\/wp\/v2\/pages\/6","targetHints":{"allow":["GET"]}}],"collection":[{"href":"https:\/\/toquepaladar.com.br\/site\/wp-json\/wp\/v2\/pages"}],"about":[{"href":"https:\/\/toquepaladar.com.br\/site\/wp-json\/wp\/v2\/types\/page"}],"author":[{"embeddable":true,"href":"https:\/\/toquepaladar.com.br\/site\/wp-json\/wp\/v2\/users\/1"}],"replies":[{"embeddable":true,"href":"https:\/\/toquepaladar.com.br\/site\/wp-json\/wp\/v2\/comments?post=6"}],"version-history":[{"count":2,"href":"https:\/\/toquepaladar.com.br\/site\/wp-json\/wp\/v2\/pages\/6\/revisions"}],"predecessor-version":[{"id":1216,"href":"https:\/\/toquepaladar.com.br\/site\/wp-json\/wp\/v2\/pages\/6\/revisions\/1216"}],"wp:attachment":[{"href":"https:\/\/toquepaladar.com.br\/site\/wp-json\/wp\/v2\/media?parent=6"}],"curies":[{"name":"wp","href":"https:\/\/api.w.org\/{rel}","templated":true}]}}